{"id":980,"date":"2023-08-24T20:48:31","date_gmt":"2023-08-24T20:48:31","guid":{"rendered":"https:\/\/cerpratenc.es\/?page_id=980"},"modified":"2025-01-27T11:52:10","modified_gmt":"2025-01-27T11:52:10","slug":"blog","status":"publish","type":"page","link":"https:\/\/cerpratenc.es\/index.php\/blog\/","title":{"rendered":"Blog"},"content":{"rendered":"\n<p class=\"has-text-align-center\">Informaci\u00f3n de la actualidad del Cer Pratenc.<\/p>\n\n\n\n<div class=\"wp-block-group has-global-padding is-layout-constrained wp-block-group-is-layout-constrained\">\n<div class=\"wp-block-query is-layout-flow wp-block-query-is-layout-flow\"><ul class=\"wp-block-post-template is-layout-flow wp-block-post-template-is-layout-flow\"><li class=\"wp-block-post post-1755 post type-post status-publish format-standard has-post-thumbnail hentry category-noticias\">\n<h2 class=\"wp-block-post-title\"><a href=\"https:\/\/cerpratenc.es\/index.php\/2026\/04\/06\/2a-fase-nivel-iv\/\" target=\"_self\" >2a Fase nivel IV<\/a><\/h2>\n\n<figure class=\"alignwide wp-block-post-featured-image\"><a href=\"https:\/\/cerpratenc.es\/index.php\/2026\/04\/06\/2a-fase-nivel-iv\/\" target=\"_self\"  ><img loading=\"lazy\" decoding=\"async\" width=\"1920\" height=\"2560\" src=\"https:\/\/cerpratenc.es\/wp-content\/uploads\/2026\/03\/IMG_4154-scaled.jpg\" class=\"attachment-post-thumbnail size-post-thumbnail wp-post-image\" alt=\"2a Fase nivel IV\" style=\"object-fit:cover;\" srcset=\"https:\/\/cerpratenc.es\/wp-content\/uploads\/2026\/03\/IMG_4154-scaled.jpg 1920w, https:\/\/cerpratenc.es\/wp-content\/uploads\/2026\/03\/IMG_4154-225x300.jpg 225w, https:\/\/cerpratenc.es\/wp-content\/uploads\/2026\/03\/IMG_4154-768x1024.jpg 768w, https:\/\/cerpratenc.es\/wp-content\/uploads\/2026\/03\/IMG_4154-1152x1536.jpg 1152w, https:\/\/cerpratenc.es\/wp-content\/uploads\/2026\/03\/IMG_4154-1536x2048.jpg 1536w\" sizes=\"auto, (max-width: 1920px) 100vw, 1920px\" \/><\/a><\/figure>\n\n<div class=\"wp-block-post-excerpt\"><p class=\"wp-block-post-excerpt__excerpt\">En la segunda fase de nivel IV celebrada en L&#8217;Ampolla el pasado 15 de Marzo. Nuestra gimnasta Alev\u00edn IV , Carlota Mart\u00ednez consegu\u00eda la medalla de plata. Felicidades Carlota ! <\/p><\/div>\n\n\n<hr class=\"wp-block-separator has-css-opacity\"\/>\n\n\n<div class=\"wp-block-post-date\"><time datetime=\"2026-04-06T10:33:00+00:00\">abril 6, 2026<\/time><\/div>\n<\/li><li class=\"wp-block-post post-1752 post type-post status-publish format-standard has-post-thumbnail hentry category-noticias\">\n<h2 class=\"wp-block-post-title\"><a href=\"https:\/\/cerpratenc.es\/index.php\/2026\/03\/30\/1a-fase-individual-nivel-v\/\" target=\"_self\" >1a Fase Individual nivel V<\/a><\/h2>\n\n<figure class=\"alignwide wp-block-post-featured-image\"><a href=\"https:\/\/cerpratenc.es\/index.php\/2026\/03\/30\/1a-fase-individual-nivel-v\/\" target=\"_self\"  ><img loading=\"lazy\" decoding=\"async\" width=\"1920\" height=\"2560\" src=\"https:\/\/cerpratenc.es\/wp-content\/uploads\/2026\/03\/IMG_3939-scaled.jpg\" class=\"attachment-post-thumbnail size-post-thumbnail wp-post-image\" alt=\"1a Fase Individual nivel V\" style=\"object-fit:cover;\" srcset=\"https:\/\/cerpratenc.es\/wp-content\/uploads\/2026\/03\/IMG_3939-scaled.jpg 1920w, https:\/\/cerpratenc.es\/wp-content\/uploads\/2026\/03\/IMG_3939-225x300.jpg 225w, https:\/\/cerpratenc.es\/wp-content\/uploads\/2026\/03\/IMG_3939-768x1024.jpg 768w, https:\/\/cerpratenc.es\/wp-content\/uploads\/2026\/03\/IMG_3939-1152x1536.jpg 1152w, https:\/\/cerpratenc.es\/wp-content\/uploads\/2026\/03\/IMG_3939-1536x2048.jpg 1536w\" sizes=\"auto, (max-width: 1920px) 100vw, 1920px\" \/><\/a><\/figure>\n\n<div class=\"wp-block-post-excerpt\"><p class=\"wp-block-post-excerpt__excerpt\">Nuestra gimnasta Junior V, Ariadna Belzunce consegu\u00eda la medalla de oro en la primera fase de Copa Catalana celebrada en Sils. Muchas felicidades Ari <\/p><\/div>\n\n\n<hr class=\"wp-block-separator has-css-opacity\"\/>\n\n\n<div class=\"wp-block-post-date\"><time datetime=\"2026-03-30T10:30:00+00:00\">marzo 30, 2026<\/time><\/div>\n<\/li><li class=\"wp-block-post post-1749 post type-post status-publish format-standard has-post-thumbnail hentry category-noticias\">\n<h2 class=\"wp-block-post-title\"><a href=\"https:\/\/cerpratenc.es\/index.php\/2026\/03\/23\/lucia-alvarado\/\" target=\"_self\" >Lucia Alvarado<\/a><\/h2>\n\n<figure class=\"alignwide wp-block-post-featured-image\"><a href=\"https:\/\/cerpratenc.es\/index.php\/2026\/03\/23\/lucia-alvarado\/\" target=\"_self\"  ><img loading=\"lazy\" decoding=\"async\" width=\"1920\" height=\"2560\" src=\"https:\/\/cerpratenc.es\/wp-content\/uploads\/2026\/03\/IMG_3403-scaled.jpg\" class=\"attachment-post-thumbnail size-post-thumbnail wp-post-image\" alt=\"Lucia Alvarado\" style=\"object-fit:cover;\" srcset=\"https:\/\/cerpratenc.es\/wp-content\/uploads\/2026\/03\/IMG_3403-scaled.jpg 1920w, https:\/\/cerpratenc.es\/wp-content\/uploads\/2026\/03\/IMG_3403-225x300.jpg 225w, https:\/\/cerpratenc.es\/wp-content\/uploads\/2026\/03\/IMG_3403-768x1024.jpg 768w, https:\/\/cerpratenc.es\/wp-content\/uploads\/2026\/03\/IMG_3403-1152x1536.jpg 1152w, https:\/\/cerpratenc.es\/wp-content\/uploads\/2026\/03\/IMG_3403-1536x2048.jpg 1536w\" sizes=\"auto, (max-width: 1920px) 100vw, 1920px\" \/><\/a><\/figure>\n\n<div class=\"wp-block-post-excerpt\"><p class=\"wp-block-post-excerpt__excerpt\">Nuestra gimnasta Lucia Alvarado, brilla en las dos fases comarcales celebradas. Luc\u00eda consigui\u00f3 la medalla de oro en la primera fase y la medalla de plata en la segunda fase. Estamos muy orgullosos de la temporada que est\u00e1 realizando Luc\u00eda !!! <\/p><\/div>\n\n\n<hr class=\"wp-block-separator has-css-opacity\"\/>\n\n\n<div class=\"wp-block-post-date\"><time datetime=\"2026-03-23T10:30:00+00:00\">marzo 23, 2026<\/time><\/div>\n<\/li><\/ul><\/div>\n<\/div>\n","protected":false},"excerpt":{"rendered":"<p>Informaci\u00f3n de la actualidad del Cer Pratenc.<\/p>\n","protected":false},"author":1,"featured_media":0,"parent":0,"menu_order":0,"comment_status":"closed","ping_status":"closed","template":"","meta":{"footnotes":""},"class_list":["post-980","page","type-page","status-publish","hentry"],"_links":{"self":[{"href":"https:\/\/cerpratenc.es\/index.php\/wp-json\/wp\/v2\/pages\/980","targetHints":{"allow":["GET"]}}],"collection":[{"href":"https:\/\/cerpratenc.es\/index.php\/wp-json\/wp\/v2\/pages"}],"about":[{"href":"https:\/\/cerpratenc.es\/index.php\/wp-json\/wp\/v2\/types\/page"}],"author":[{"embeddable":true,"href":"https:\/\/cerpratenc.es\/index.php\/wp-json\/wp\/v2\/users\/1"}],"replies":[{"embeddable":true,"href":"https:\/\/cerpratenc.es\/index.php\/wp-json\/wp\/v2\/comments?post=980"}],"version-history":[{"count":8,"href":"https:\/\/cerpratenc.es\/index.php\/wp-json\/wp\/v2\/pages\/980\/revisions"}],"predecessor-version":[{"id":1658,"href":"https:\/\/cerpratenc.es\/index.php\/wp-json\/wp\/v2\/pages\/980\/revisions\/1658"}],"wp:attachment":[{"href":"https:\/\/cerpratenc.es\/index.php\/wp-json\/wp\/v2\/media?parent=980"}],"curies":[{"name":"wp","href":"https:\/\/api.w.org\/{rel}","templated":true}]}}