{"id":792,"date":"2023-08-16T11:16:31","date_gmt":"2023-08-16T11:16:31","guid":{"rendered":"http:\/\/cerpratenc.es\/?page_id=792"},"modified":"2024-05-30T20:32:35","modified_gmt":"2024-05-30T20:32:35","slug":"servicios-para-nuestras-gimnastas","status":"publish","type":"page","link":"https:\/\/cerpratenc.es\/index.php\/servicios-para-nuestras-gimnastas\/","title":{"rendered":"Servicios para nuestras gimnastas"},"content":{"rendered":"\n<div class=\"wp-block-group alignfull has-background-background-color has-background has-global-padding is-layout-constrained wp-container-core-group-is-layout-01bd8c90 wp-block-group-is-layout-constrained\" style=\"padding-top:0;padding-right:7vw;padding-bottom:var(--wp--preset--spacing--70);padding-left:7vw\">\n<p class=\"has-text-align-center\">Pertenecer a nuestro club tiene ventajas! Servicios y promociones especiales s\u00f3lo por pertenecer a nuestro club.<\/p>\n\n\n\n<div style=\"height:100px\" aria-hidden=\"true\" class=\"wp-block-spacer\"><\/div>\n\n\n\n<div class=\"wp-block-columns alignwide are-vertically-aligned-center is-layout-flex wp-container-core-columns-is-layout-204ee43c wp-block-columns-is-layout-flex\" style=\"padding-top:0px;padding-right:0px;padding-bottom:0px;padding-left:0px\">\n<div class=\"wp-block-column is-vertically-aligned-center is-layout-flow wp-block-column-is-layout-flow\">\n<div class=\"wp-block-columns is-layout-flex wp-container-core-columns-is-layout-28232c24 wp-block-columns-is-layout-flex\">\n<div class=\"wp-block-column is-layout-flow wp-container-core-column-is-layout-f5bb311e wp-block-column-is-layout-flow\" style=\"flex-basis:100%\">\n<h2 class=\"wp-block-heading lemmony-animation lemmonyFadeInUp lemmony-animation\" style=\"font-size:clamp(35.2px, 2.2rem + ((1vw - 3.2px) * 2.25), 64px);line-height:1.3;--lemmony-animation-name:lemmonyFadeInUp\">Servicio de Fisioterapeuta<\/h2>\n\n\n\n<p>Ponemos a nuestras gimnastas en las mejores manos. <\/p>\n\n\n\n<p>Gracias al convenio que tenemos con Summum Salut disfrutar\u00e1n de un precio reducido por sus sesiones. <\/p>\n\n\n\n<p>No te olvides indicar que eres gimnasta de nuestro club para disfrutar de tu precio especial cuando reserves tu cita.<\/p>\n\n\n\n<div class=\"wp-block-group lemmony-animation is-layout-flex wp-container-core-group-is-layout-b65a7463 wp-block-group-is-layout-flex\" style=\"margin-top:40px;--lemmony-animation-name:lemmonyFadeInUp;animation-delay:var(--lemmony-delay-small)\">\n<div class=\"wp-block-buttons is-content-justification-left is-layout-flex wp-container-core-buttons-is-layout-c53c447b wp-block-buttons-is-layout-flex\">\n<div class=\"wp-block-button has-custom-font-size has-tiny-plus-font-size\" style=\"font-style:normal;font-weight:700\"><a class=\"wp-block-button__link wp-element-button\" href=\"http:\/\/www.summumsalut.com\" style=\"padding-top:24px;padding-right:40px;padding-bottom:24px;padding-left:40px\">Reserva tu cita<\/a><\/div>\n<\/div>\n\n\n\n<div class=\"wp-block-group is-content-justification-left is-nowrap is-layout-flex wp-container-core-group-is-layout-9fd45780 wp-block-group-is-layout-flex\">\n<div class=\"wp-block-buttons is-content-justification-center is-layout-flex wp-container-core-buttons-is-layout-a89b3969 wp-block-buttons-is-layout-flex\" style=\"text-decoration:underline\"><\/div>\n<\/div>\n<\/div>\n<\/div>\n<\/div>\n<\/div>\n\n\n\n<div class=\"wp-block-column is-vertically-aligned-center is-layout-flow wp-block-column-is-layout-flow\">\n<figure class=\"wp-block-image aligncenter size-large\"><img loading=\"lazy\" decoding=\"async\" width=\"1024\" height=\"422\" src=\"https:\/\/cerpratenc.es\/wp-content\/uploads\/2023\/08\/IMG_1545-1024x422.jpg\" alt=\"\" class=\"wp-image-797\" srcset=\"https:\/\/cerpratenc.es\/wp-content\/uploads\/2023\/08\/IMG_1545-1024x422.jpg 1024w, https:\/\/cerpratenc.es\/wp-content\/uploads\/2023\/08\/IMG_1545-300x124.jpg 300w, https:\/\/cerpratenc.es\/wp-content\/uploads\/2023\/08\/IMG_1545-768x317.jpg 768w, https:\/\/cerpratenc.es\/wp-content\/uploads\/2023\/08\/IMG_1545.jpg 1179w\" sizes=\"auto, (max-width: 1024px) 100vw, 1024px\" \/><\/figure>\n<\/div>\n<\/div>\n<\/div>\n\n\n\n<div class=\"wp-block-group alignfull has-background-background-color has-background has-global-padding is-layout-constrained wp-container-core-group-is-layout-01bd8c90 wp-block-group-is-layout-constrained\" style=\"padding-top:0;padding-right:7vw;padding-bottom:var(--wp--preset--spacing--70);padding-left:7vw\">\n<div style=\"height:118px\" aria-hidden=\"true\" class=\"wp-block-spacer\"><\/div>\n\n\n\n<div class=\"wp-block-columns alignwide are-vertically-aligned-center is-layout-flex wp-container-core-columns-is-layout-204ee43c wp-block-columns-is-layout-flex\" style=\"padding-top:0px;padding-right:0px;padding-bottom:0px;padding-left:0px\">\n<div class=\"wp-block-column is-vertically-aligned-center is-layout-flow wp-block-column-is-layout-flow\" style=\"flex-basis:267%\">\n<figure class=\"wp-block-image aligncenter size-large is-resized\"><img loading=\"lazy\" decoding=\"async\" width=\"1024\" height=\"399\" src=\"https:\/\/cerpratenc.es\/wp-content\/uploads\/2024\/05\/cluber_logo-1024x399.png\" alt=\"\" class=\"wp-image-1533\" style=\"aspect-ratio:1;width:368px;height:auto\" srcset=\"https:\/\/cerpratenc.es\/wp-content\/uploads\/2024\/05\/cluber_logo-1024x399.png 1024w, https:\/\/cerpratenc.es\/wp-content\/uploads\/2024\/05\/cluber_logo-300x117.png 300w, https:\/\/cerpratenc.es\/wp-content\/uploads\/2024\/05\/cluber_logo-768x299.png 768w, https:\/\/cerpratenc.es\/wp-content\/uploads\/2024\/05\/cluber_logo-1536x598.png 1536w, https:\/\/cerpratenc.es\/wp-content\/uploads\/2024\/05\/cluber_logo.png 1983w\" sizes=\"auto, (max-width: 1024px) 100vw, 1024px\" \/><figcaption class=\"wp-element-caption\">                            <\/figcaption><\/figure>\n<\/div>\n\n\n\n<div class=\"wp-block-column is-vertically-aligned-center is-layout-flow wp-block-column-is-layout-flow\" style=\"flex-basis:267%\">\n<div class=\"wp-block-group has-global-padding is-layout-constrained wp-block-group-is-layout-constrained\">\n<div class=\"wp-block-columns are-vertically-aligned-center is-layout-flex wp-container-core-columns-is-layout-28232c24 wp-block-columns-is-layout-flex\">\n<div class=\"wp-block-column is-vertically-aligned-center is-layout-flow wp-container-core-column-is-layout-f5bb311e wp-block-column-is-layout-flow\" style=\"flex-basis:100%\">\n<h2 class=\"wp-block-heading lemmony-animation lemmonyFadeInUp lemmony-animation\" style=\"font-size:clamp(35.2px, 2.2rem + ((1vw - 3.2px) * 2.25), 64px);line-height:1.3;--lemmony-animation-name:lemmonyFadeInUp\">Informaci\u00f3n Personalizada<\/h2>\n\n\n\n<p>Gracias a nuestra plataforma Cluber, podr\u00e1n recibir la informaci\u00f3n personalizada sobre nuestras actividades, podr\u00e1n sincronizar el calendario de competiciones con el suyo personal , etc&#8230; adem\u00e1s de realizar la inscripci\u00f3n para la temporada 2024-2025<\/p>\n\n\n\n<p>Deber\u00e1n descargarse la aplicaci\u00f3n (gratuita) <\/p>\n\n\n\n<div class=\"wp-block-group lemmony-animation is-layout-flex wp-container-core-group-is-layout-b65a7463 wp-block-group-is-layout-flex\" style=\"margin-top:40px;--lemmony-animation-name:lemmonyFadeInUp;animation-delay:var(--lemmony-delay-small)\">\n<figure class=\"wp-block-image is-resized\"><a href=\"https:\/\/apps.apple.com\/es\/app\/bynapp\/id940550959\" target=\"_blank\" rel=\"noreferrer noopener\"><img loading=\"lazy\" decoding=\"async\" width=\"521\" height=\"195\" src=\"https:\/\/cerpratenc.es\/wp-content\/uploads\/2023\/08\/app-store.png\" alt=\"\" class=\"wp-image-766\" style=\"width:129px;height:49px\" srcset=\"https:\/\/cerpratenc.es\/wp-content\/uploads\/2023\/08\/app-store.png 521w, https:\/\/cerpratenc.es\/wp-content\/uploads\/2023\/08\/app-store-300x112.png 300w\" sizes=\"auto, (max-width: 521px) 100vw, 521px\" \/><\/a><\/figure>\n\n\n\n<div class=\"wp-block-group is-content-justification-left is-nowrap is-layout-flex wp-container-core-group-is-layout-9fd45780 wp-block-group-is-layout-flex\">\n<div class=\"wp-block-buttons is-content-justification-center is-layout-flex wp-container-core-buttons-is-layout-a89b3969 wp-block-buttons-is-layout-flex\" style=\"text-decoration:underline\">\n<div class=\"wp-block-button\"><a class=\"wp-block-button__link wp-element-button\" href=\"https:\/\/app.cluber.es\/clubes\/6491ef11bbd43369225553\/portal\">Inscribete<\/a><\/div>\n<\/div>\n\n\n\n<figure class=\"wp-block-image is-resized\"><a href=\"https:\/\/play.google.com\/store\/apps\/details?id=com.smarttechnologiesdevelopment.bynapp&amp;hl=es_GT\" target=\"_blank\" rel=\"noreferrer noopener\"><img loading=\"lazy\" decoding=\"async\" width=\"688\" height=\"204\" src=\"https:\/\/cerpratenc.es\/wp-content\/uploads\/2023\/08\/imagen.asp_.png\" alt=\"\" class=\"wp-image-767\" style=\"object-fit:cover;width:129px;height:43px\" srcset=\"https:\/\/cerpratenc.es\/wp-content\/uploads\/2023\/08\/imagen.asp_.png 688w, https:\/\/cerpratenc.es\/wp-content\/uploads\/2023\/08\/imagen.asp_-300x89.png 300w\" sizes=\"auto, (max-width: 688px) 100vw, 688px\" \/><\/a><\/figure>\n<\/div>\n<\/div>\n<\/div>\n<\/div>\n<\/div>\n<\/div>\n<\/div>\n\n\n\n<div style=\"height:118px\" aria-hidden=\"true\" class=\"wp-block-spacer\"><\/div>\n\n\n\n<div class=\"wp-block-columns alignwide are-vertically-aligned-center is-layout-flex wp-container-core-columns-is-layout-204ee43c wp-block-columns-is-layout-flex\" style=\"padding-top:0px;padding-right:0px;padding-bottom:0px;padding-left:0px\">\n<div class=\"wp-block-column is-vertically-aligned-center is-layout-flow wp-block-column-is-layout-flow\" style=\"flex-basis:267%\">\n<div class=\"wp-block-group has-global-padding is-layout-constrained wp-block-group-is-layout-constrained\">\n<div class=\"wp-block-columns are-vertically-aligned-center is-layout-flex wp-container-core-columns-is-layout-28232c24 wp-block-columns-is-layout-flex\">\n<div class=\"wp-block-column is-vertically-aligned-center is-layout-flow wp-container-core-column-is-layout-f5bb311e wp-block-column-is-layout-flow\" style=\"flex-basis:100%\">\n<h2 class=\"wp-block-heading lemmony-animation lemmonyFadeInUp lemmony-animation\" style=\"font-size:clamp(35.2px, 2.2rem + ((1vw - 3.2px) * 2.25), 64px);line-height:1.3;--lemmony-animation-name:lemmonyFadeInUp\">Descuentos <\/h2>\n\n\n\n<p>Las gimnastas inscritas durante la temporada podr\u00e1n disfrutar de los siguientes descuentos:<\/p>\n\n\n\n<ul class=\"wp-block-list\">\n<li>Descuento del 10% en la inscripci\u00f3n de la segunda hermana. <\/li>\n\n\n\n<li>Descuento del 10% en la inscripci\u00f3n del Campus de Verano. <\/li>\n\n\n\n<li>Somos una entidad adherida al sistema de becas del Ayuntamiento del Prat de Llobregat, as\u00ed que es posible utilizar las becas en nuestra entidad durante la temporada y en el Campus de Verano. <\/li>\n<\/ul>\n<\/div>\n<\/div>\n<\/div>\n<\/div>\n\n\n\n<div class=\"wp-block-column is-vertically-aligned-center is-layout-flow wp-block-column-is-layout-flow\" style=\"flex-basis:267%\">\n<figure class=\"wp-block-image size-large\"><img loading=\"lazy\" decoding=\"async\" width=\"1024\" height=\"616\" src=\"https:\/\/cerpratenc.es\/wp-content\/uploads\/2023\/08\/97676a79-a413-4dcb-87f8-4f847f28f105-1-1024x616.jpg\" alt=\"\" class=\"wp-image-807\" srcset=\"https:\/\/cerpratenc.es\/wp-content\/uploads\/2023\/08\/97676a79-a413-4dcb-87f8-4f847f28f105-1-1024x616.jpg 1024w, https:\/\/cerpratenc.es\/wp-content\/uploads\/2023\/08\/97676a79-a413-4dcb-87f8-4f847f28f105-1-300x180.jpg 300w, https:\/\/cerpratenc.es\/wp-content\/uploads\/2023\/08\/97676a79-a413-4dcb-87f8-4f847f28f105-1-768x462.jpg 768w, https:\/\/cerpratenc.es\/wp-content\/uploads\/2023\/08\/97676a79-a413-4dcb-87f8-4f847f28f105-1.jpg 1479w\" sizes=\"auto, (max-width: 1024px) 100vw, 1024px\" \/><\/figure>\n<\/div>\n<\/div>\n\n\n\n<div style=\"height:118px\" aria-hidden=\"true\" class=\"wp-block-spacer\"><\/div>\n\n\n\n<div class=\"wp-block-columns alignwide are-vertically-aligned-center is-layout-flex wp-container-core-columns-is-layout-204ee43c wp-block-columns-is-layout-flex\" style=\"padding-top:0px;padding-right:0px;padding-bottom:0px;padding-left:0px\">\n<div class=\"wp-block-column is-vertically-aligned-center is-layout-flow wp-block-column-is-layout-flow\" style=\"flex-basis:267%\">\n<figure class=\"wp-block-image size-large\"><img loading=\"lazy\" decoding=\"async\" width=\"1024\" height=\"732\" src=\"https:\/\/cerpratenc.es\/wp-content\/uploads\/2023\/08\/tav_5267-1024x732.jpg\" alt=\"\" class=\"wp-image-866\" srcset=\"https:\/\/cerpratenc.es\/wp-content\/uploads\/2023\/08\/tav_5267-1024x732.jpg 1024w, https:\/\/cerpratenc.es\/wp-content\/uploads\/2023\/08\/tav_5267-300x214.jpg 300w, https:\/\/cerpratenc.es\/wp-content\/uploads\/2023\/08\/tav_5267-768x549.jpg 768w, https:\/\/cerpratenc.es\/wp-content\/uploads\/2023\/08\/tav_5267-1536x1098.jpg 1536w, https:\/\/cerpratenc.es\/wp-content\/uploads\/2023\/08\/tav_5267-2048x1463.jpg 2048w\" sizes=\"auto, (max-width: 1024px) 100vw, 1024px\" \/><\/figure>\n<\/div>\n\n\n\n<div class=\"wp-block-column is-vertically-aligned-center is-layout-flow wp-block-column-is-layout-flow\" style=\"flex-basis:267%\">\n<div class=\"wp-block-group has-global-padding is-layout-constrained wp-block-group-is-layout-constrained\">\n<div class=\"wp-block-columns are-vertically-aligned-center is-layout-flex wp-container-core-columns-is-layout-28232c24 wp-block-columns-is-layout-flex\">\n<div class=\"wp-block-column is-vertically-aligned-center is-layout-flow wp-container-core-column-is-layout-f5bb311e wp-block-column-is-layout-flow\" style=\"flex-basis:100%\">\n<h2 class=\"wp-block-heading lemmony-animation lemmonyFadeInUp lemmony-animation\" style=\"font-size:clamp(35.2px, 2.2rem + ((1vw - 3.2px) * 2.25), 64px);line-height:1.3;--lemmony-animation-name:lemmonyFadeInUp\">Seguro Deportivo <\/h2>\n\n\n\n<p>Todas las gimnastas cuentan con un seguro deportivo. <\/p>\n\n\n\n<p>En caso de accidente o lesi\u00f3n durante los entrenamientos deber\u00e1n comunicarlo a la entidad para que puedan proceder a abrir el parte de accidente . <\/p>\n\n\n\n<p>Una vez abierto el parte de accidente podr\u00e1n ser atendidas en el centro m\u00e1s cercano. <\/p>\n\n\n\n<div class=\"wp-block-group lemmony-animation is-layout-flex wp-container-core-group-is-layout-b65a7463 wp-block-group-is-layout-flex\" style=\"margin-top:40px;--lemmony-animation-name:lemmonyFadeInUp;animation-delay:var(--lemmony-delay-small)\">\n<div class=\"wp-block-group is-content-justification-left is-nowrap is-layout-flex wp-container-core-group-is-layout-9fd45780 wp-block-group-is-layout-flex\">\n<div class=\"wp-block-buttons is-content-justification-center is-layout-flex wp-container-core-buttons-is-layout-a89b3969 wp-block-buttons-is-layout-flex\" style=\"text-decoration:underline\">\n<div class=\"wp-block-button\"><a class=\"wp-block-button__link wp-element-button\" href=\"#cer_pratenc@hotmail.com\" target=\"_blank\" rel=\"noreferrer noopener\">Gimnastas Escolares<\/a><\/div>\n\n\n\n<div class=\"wp-block-button\"><a class=\"wp-block-button__link wp-element-button\" href=\"#cer_pratenc@hotmail.com\" target=\"_blank\" rel=\"noreferrer noopener\">Gimnastas Federadas<\/a><\/div>\n<\/div>\n<\/div>\n<\/div>\n<\/div>\n<\/div>\n<\/div>\n<\/div>\n<\/div>\n\n\n\n<div style=\"height:118px\" aria-hidden=\"true\" class=\"wp-block-spacer\"><\/div>\n\n\n\n<div class=\"wp-block-group alignwide has-global-padding is-layout-constrained wp-block-group-is-layout-constrained\">\n<div class=\"wp-block-columns alignwide are-vertically-aligned-center is-layout-flex wp-container-core-columns-is-layout-204ee43c wp-block-columns-is-layout-flex\" style=\"padding-top:0px;padding-right:0px;padding-bottom:0px;padding-left:0px\">\n<div class=\"wp-block-column is-vertically-aligned-center is-layout-flow wp-block-column-is-layout-flow\" style=\"flex-basis:267%\">\n<div class=\"wp-block-group has-global-padding is-layout-constrained wp-block-group-is-layout-constrained\">\n<div class=\"wp-block-columns are-vertically-aligned-center is-layout-flex wp-container-core-columns-is-layout-28232c24 wp-block-columns-is-layout-flex\">\n<div class=\"wp-block-column is-vertically-aligned-center is-layout-flow wp-container-core-column-is-layout-f5bb311e wp-block-column-is-layout-flow\" style=\"flex-basis:100%\">\n<h2 class=\"wp-block-heading lemmony-animation lemmonyFadeInUp lemmony-animation\" style=\"font-size:clamp(35.2px, 2.2rem + ((1vw - 3.2px) * 2.25), 64px);line-height:1.3;--lemmony-animation-name:lemmonyFadeInUp\">Priorizamos el trabajo en equipo <\/h2>\n\n\n\n<p>Para nosotros los conjuntos y el trabajo en equipo es lo m\u00e1s importante. <\/p>\n\n\n\n<p>Es por ello que pertenecer a un conjunto de nuestra entidad tiene sus ventajas: <\/p>\n\n\n\n<ul class=\"wp-block-list\">\n<li>Inscripciones a torneos de conjunto Gratuitas. <\/li>\n\n\n\n<li>Los aparatos de conjunto ser\u00e1n facilitados por la entidad.<\/li>\n\n\n\n<li>C\u00f3modos plazos en el pago de tu mayot de competici\u00f3n. <\/li>\n<\/ul>\n<\/div>\n<\/div>\n<\/div>\n<\/div>\n\n\n\n<div class=\"wp-block-column is-vertically-aligned-center is-layout-flow wp-block-column-is-layout-flow\" style=\"flex-basis:267%\">\n<figure class=\"wp-block-image size-large\"><img loading=\"lazy\" decoding=\"async\" width=\"1024\" height=\"683\" src=\"https:\/\/cerpratenc.es\/wp-content\/uploads\/2023\/08\/IMG_3589-1024x683.jpg\" alt=\"\" class=\"wp-image-809\" srcset=\"https:\/\/cerpratenc.es\/wp-content\/uploads\/2023\/08\/IMG_3589-1024x683.jpg 1024w, https:\/\/cerpratenc.es\/wp-content\/uploads\/2023\/08\/IMG_3589-300x200.jpg 300w, https:\/\/cerpratenc.es\/wp-content\/uploads\/2023\/08\/IMG_3589-768x512.jpg 768w, https:\/\/cerpratenc.es\/wp-content\/uploads\/2023\/08\/IMG_3589-1536x1024.jpg 1536w, https:\/\/cerpratenc.es\/wp-content\/uploads\/2023\/08\/IMG_3589-2048x1365.jpg 2048w\" sizes=\"auto, (max-width: 1024px) 100vw, 1024px\" \/><\/figure>\n<\/div>\n<\/div>\n<\/div>\n\n\n\n<div style=\"height:118px\" aria-hidden=\"true\" class=\"wp-block-spacer\"><\/div>\n\n\n\n<div class=\"wp-block-columns alignwide are-vertically-aligned-center is-layout-flex wp-container-core-columns-is-layout-204ee43c wp-block-columns-is-layout-flex\" style=\"padding-top:0px;padding-right:0px;padding-bottom:0px;padding-left:0px\">\n<div class=\"wp-block-column is-vertically-aligned-center is-layout-flow wp-block-column-is-layout-flow\" style=\"flex-basis:267%\">\n<figure class=\"wp-block-image size-large\"><img loading=\"lazy\" decoding=\"async\" width=\"1024\" height=\"612\" src=\"https:\/\/cerpratenc.es\/wp-content\/uploads\/2023\/08\/e645b610-a2d1-4343-aeca-3caa91a3c904-1024x612.jpg\" alt=\"\" class=\"wp-image-869\" srcset=\"https:\/\/cerpratenc.es\/wp-content\/uploads\/2023\/08\/e645b610-a2d1-4343-aeca-3caa91a3c904-1024x612.jpg 1024w, https:\/\/cerpratenc.es\/wp-content\/uploads\/2023\/08\/e645b610-a2d1-4343-aeca-3caa91a3c904-300x179.jpg 300w, https:\/\/cerpratenc.es\/wp-content\/uploads\/2023\/08\/e645b610-a2d1-4343-aeca-3caa91a3c904-768x459.jpg 768w, https:\/\/cerpratenc.es\/wp-content\/uploads\/2023\/08\/e645b610-a2d1-4343-aeca-3caa91a3c904-1536x919.jpg 1536w, https:\/\/cerpratenc.es\/wp-content\/uploads\/2023\/08\/e645b610-a2d1-4343-aeca-3caa91a3c904.jpg 1600w\" sizes=\"auto, (max-width: 1024px) 100vw, 1024px\" \/><\/figure>\n<\/div>\n\n\n\n<div class=\"wp-block-column is-vertically-aligned-center is-layout-flow wp-block-column-is-layout-flow\" style=\"flex-basis:267%\">\n<div class=\"wp-block-group has-global-padding is-layout-constrained wp-block-group-is-layout-constrained\">\n<div class=\"wp-block-columns are-vertically-aligned-center is-layout-flex wp-container-core-columns-is-layout-28232c24 wp-block-columns-is-layout-flex\">\n<div class=\"wp-block-column is-vertically-aligned-center is-layout-flow wp-container-core-column-is-layout-f5bb311e wp-block-column-is-layout-flow\" style=\"flex-basis:100%\">\n<h2 class=\"wp-block-heading lemmony-animation lemmonyFadeInUp lemmony-animation\" style=\"font-size:clamp(35.2px, 2.2rem + ((1vw - 3.2px) * 2.25), 64px);line-height:1.3;--lemmony-animation-name:lemmonyFadeInUp\">Canal \u00c9tico  <\/h2>\n\n\n\n<p>Velamos por tu seguridad y tu privacidad<\/p>\n\n\n\n<p>El Canal \u00e9tico es una v\u00eda que permite a personas trabajadoras y terceros con los que se relacionan con la organizaci\u00f3n ( clientes, proveedores, etc.. ) comunicar incidencias, infracciones e irregularidades en relaci\u00f3n a la normativa interna como externa. <\/p>\n\n\n\n<p><strong>En caso de detectar alguna anomal\u00eda deber\u00e1n rellenar el siguiente formulario y enviarlo a ritmicapratenc@gmail.com<\/strong><\/p>\n\n\n\n<div class=\"wp-block-buttons is-content-justification-left is-layout-flex wp-container-core-buttons-is-layout-fc4fd283 wp-block-buttons-is-layout-flex\">\n<div class=\"wp-block-button\"><a class=\"wp-block-button__link has-text-align-center wp-element-button\" href=\"https:\/\/cerpratenc.es\/wp-content\/uploads\/2023\/08\/modelo-de-comunicacion-.pdf\" target=\"_blank\" rel=\"noreferrer noopener\">Formulario<\/a><\/div>\n<\/div>\n<\/div>\n<\/div>\n<\/div>\n<\/div>\n<\/div>\n<\/div>\n\n\n\n<div class=\"wp-block-columns is-layout-flex wp-container-core-columns-is-layout-28f84493 wp-block-columns-is-layout-flex\">\n<div class=\"wp-block-column is-layout-flow wp-block-column-is-layout-flow\" style=\"flex-basis:100%\"><\/div>\n<\/div>\n","protected":false},"excerpt":{"rendered":"<p>Pertenecer a nuestro club tiene ventajas! Servicios y promociones especiales s\u00f3lo por pertenecer a nuestro club. Servicio de Fisioterapeuta Ponemos a nuestras gimnastas en las mejores manos. Gracias al convenio que tenemos con Summum Salut disfrutar\u00e1n de un precio reducido por sus sesiones. No te olvides indicar que eres gimnasta de nuestro club para disfrutar [&hellip;]<\/p>\n","protected":false},"author":1,"featured_media":0,"parent":0,"menu_order":0,"comment_status":"closed","ping_status":"closed","template":"","meta":{"footnotes":""},"class_list":["post-792","page","type-page","status-publish","hentry"],"_links":{"self":[{"href":"https:\/\/cerpratenc.es\/index.php\/wp-json\/wp\/v2\/pages\/792","targetHints":{"allow":["GET"]}}],"collection":[{"href":"https:\/\/cerpratenc.es\/index.php\/wp-json\/wp\/v2\/pages"}],"about":[{"href":"https:\/\/cerpratenc.es\/index.php\/wp-json\/wp\/v2\/types\/page"}],"author":[{"embeddable":true,"href":"https:\/\/cerpratenc.es\/index.php\/wp-json\/wp\/v2\/users\/1"}],"replies":[{"embeddable":true,"href":"https:\/\/cerpratenc.es\/index.php\/wp-json\/wp\/v2\/comments?post=792"}],"version-history":[{"count":45,"href":"https:\/\/cerpratenc.es\/index.php\/wp-json\/wp\/v2\/pages\/792\/revisions"}],"predecessor-version":[{"id":1535,"href":"https:\/\/cerpratenc.es\/index.php\/wp-json\/wp\/v2\/pages\/792\/revisions\/1535"}],"wp:attachment":[{"href":"https:\/\/cerpratenc.es\/index.php\/wp-json\/wp\/v2\/media?parent=792"}],"curies":[{"name":"wp","href":"https:\/\/api.w.org\/{rel}","templated":true}]}}