{"id":222,"date":"2023-08-07T09:06:37","date_gmt":"2023-08-07T09:06:37","guid":{"rendered":"https:\/\/cerpratenc.es\/?page_id=222"},"modified":"2026-03-31T10:52:28","modified_gmt":"2026-03-31T10:52:28","slug":"trofeo-potablava","status":"publish","type":"page","link":"https:\/\/cerpratenc.es\/index.php\/trofeo-potablava\/","title":{"rendered":"Trofeo Potablava"},"content":{"rendered":"\n<div style=\"height:54px\" aria-hidden=\"true\" class=\"wp-block-spacer\"><\/div>\n\n\n\n<div class=\"wp-block-columns lemmony-mobile-center has-background-background-color has-background is-layout-flex wp-container-core-columns-is-layout-ea8e853d wp-block-columns-is-layout-flex\" style=\"margin-top:0;margin-bottom:0;padding-top:var(--wp--preset--spacing--60);padding-bottom:var(--wp--preset--spacing--60)\">\n<div class=\"wp-block-column is-layout-flow wp-block-column-is-layout-flow\">\n<figure class=\"wp-block-gallery has-nested-images columns-default is-cropped wp-block-gallery-1 is-layout-flex wp-block-gallery-is-layout-flex\">\n<figure class=\"wp-block-image size-full\"><img loading=\"lazy\" decoding=\"async\" width=\"1024\" height=\"1536\" data-id=\"1818\" src=\"https:\/\/cerpratenc.es\/wp-content\/uploads\/2026\/03\/F21793BF-E757-4636-A17A-9F0C87A5AC6F.png\" alt=\"\" class=\"wp-image-1818\" srcset=\"https:\/\/cerpratenc.es\/wp-content\/uploads\/2026\/03\/F21793BF-E757-4636-A17A-9F0C87A5AC6F.png 1024w, https:\/\/cerpratenc.es\/wp-content\/uploads\/2026\/03\/F21793BF-E757-4636-A17A-9F0C87A5AC6F-200x300.png 200w, https:\/\/cerpratenc.es\/wp-content\/uploads\/2026\/03\/F21793BF-E757-4636-A17A-9F0C87A5AC6F-683x1024.png 683w, https:\/\/cerpratenc.es\/wp-content\/uploads\/2026\/03\/F21793BF-E757-4636-A17A-9F0C87A5AC6F-768x1152.png 768w\" sizes=\"auto, (max-width: 1024px) 100vw, 1024px\" \/><\/figure>\n<\/figure>\n<\/div>\n\n\n\n<div class=\"wp-block-column is-vertically-aligned-center is-layout-flow wp-block-column-is-layout-flow\">\n<p>Mas de 15 ediciones nos avalan de experiencia en la organizaci\u00f3n de nuestro trofeo, unos de los m\u00e1s esperados de la temporada, como club nos enorgullece la gran acogida que siempre tiene entre los t\u00e9cnicos y las gimnastas.<\/p>\n<\/div>\n<\/div>\n\n\n\n<div class=\"wp-block-columns is-layout-flex wp-container-core-columns-is-layout-3888487c wp-block-columns-is-layout-flex\" style=\"border-style:none;border-width:0px;margin-top:0;margin-bottom:0;padding-top:0;padding-right:0;padding-bottom:0;padding-left:0\">\n<div class=\"wp-block-column is-vertically-aligned-center is-layout-flow wp-block-column-is-layout-flow\">\n<h2 class=\"wp-block-heading\">EDICI\u00d3N XVI 2026<\/h2>\n\n\n\n<h5 class=\"wp-block-heading\">Trofeo Potablava Individual &#8211; 10 de Enero del 2026 <\/h5>\n\n\n\n<figure class=\"wp-block-image size-large\"><img loading=\"lazy\" decoding=\"async\" width=\"724\" height=\"1024\" src=\"https:\/\/cerpratenc.es\/wp-content\/uploads\/2025\/10\/IMG_0323-724x1024.jpg\" alt=\"\" class=\"wp-image-1725\" srcset=\"https:\/\/cerpratenc.es\/wp-content\/uploads\/2025\/10\/IMG_0323-724x1024.jpg 724w, https:\/\/cerpratenc.es\/wp-content\/uploads\/2025\/10\/IMG_0323-212x300.jpg 212w, https:\/\/cerpratenc.es\/wp-content\/uploads\/2025\/10\/IMG_0323-768x1086.jpg 768w, https:\/\/cerpratenc.es\/wp-content\/uploads\/2025\/10\/IMG_0323-1086x1536.jpg 1086w, https:\/\/cerpratenc.es\/wp-content\/uploads\/2025\/10\/IMG_0323.jpg 1414w\" sizes=\"auto, (max-width: 724px) 100vw, 724px\" \/><\/figure>\n\n\n\n<h5 class=\"wp-block-heading\">Trofeo Potablava Conjuntos Escolares \/ Individuales Federados                              9 de Mayo del 2026 <\/h5>\n<\/div>\n<\/div>\n\n\n\n<p>INSCRIPCIONES CERRADAS <\/p>\n\n\n\n<p><\/p>\n\n\n\n<div data-wp-interactive=\"core\/file\" class=\"wp-block-file\"><object data-wp-bind--hidden=\"!state.hasPdfPreview\" hidden class=\"wp-block-file__embed\" data=\"https:\/\/cerpratenc.es\/wp-content\/uploads\/2026\/03\/Orden-Definitivo-Potablava-Conjuntos-202.pdf\" type=\"application\/pdf\" style=\"width:100%;height:870px\" aria-label=\"Incrustado de &lt;br&gt;&lt;br&gt;&lt;br&gt;&lt;br&gt;&lt;br&gt;Orden Definitivo Potablava Conjuntos 2026.\"><\/object><a id=\"wp-block-file--media-40802703-63ec-4a21-9859-c5918ac15979\" href=\"https:\/\/cerpratenc.es\/wp-content\/uploads\/2026\/03\/Orden-Definitivo-Potablava-Conjuntos-202.pdf\"><br><br><br><br><br>Orden Definitivo Potablava Conjuntos 2026<\/a><a href=\"https:\/\/cerpratenc.es\/wp-content\/uploads\/2026\/03\/Orden-Definitivo-Potablava-Conjuntos-202.pdf\" class=\"wp-block-file__button wp-element-button\" download aria-describedby=\"wp-block-file--media-40802703-63ec-4a21-9859-c5918ac15979\">Descarga<\/a><\/div>\n\n\n\n<div style=\"height:100px\" aria-hidden=\"true\" class=\"wp-block-spacer\"><\/div>\n\n\n\n<figure class=\"wp-block-image size-large\"><img loading=\"lazy\" decoding=\"async\" width=\"726\" height=\"1024\" src=\"https:\/\/cerpratenc.es\/wp-content\/uploads\/2025\/10\/IMG_0324-726x1024.jpg\" alt=\"\" class=\"wp-image-1724\" srcset=\"https:\/\/cerpratenc.es\/wp-content\/uploads\/2025\/10\/IMG_0324-726x1024.jpg 726w, https:\/\/cerpratenc.es\/wp-content\/uploads\/2025\/10\/IMG_0324-213x300.jpg 213w, https:\/\/cerpratenc.es\/wp-content\/uploads\/2025\/10\/IMG_0324-768x1083.jpg 768w, https:\/\/cerpratenc.es\/wp-content\/uploads\/2025\/10\/IMG_0324-1089x1536.jpg 1089w, https:\/\/cerpratenc.es\/wp-content\/uploads\/2025\/10\/IMG_0324.jpg 1179w\" sizes=\"auto, (max-width: 726px) 100vw, 726px\" \/><\/figure>\n\n\n\n<div style=\"height:100px\" aria-hidden=\"true\" class=\"wp-block-spacer\"><\/div>\n\n\n\n<div class=\"wp-block-columns is-layout-flex wp-container-core-columns-is-layout-28f84493 wp-block-columns-is-layout-flex\">\n<div class=\"wp-block-column is-layout-flow wp-block-column-is-layout-flow\">\n<figure class=\"wp-block-image size-full\"><img loading=\"lazy\" decoding=\"async\" width=\"1600\" height=\"1200\" src=\"https:\/\/cerpratenc.es\/wp-content\/uploads\/2025\/01\/PHOTO-2024-01-13-18-36-08.jpg\" alt=\"\" class=\"wp-image-1663\" srcset=\"https:\/\/cerpratenc.es\/wp-content\/uploads\/2025\/01\/PHOTO-2024-01-13-18-36-08.jpg 1600w, https:\/\/cerpratenc.es\/wp-content\/uploads\/2025\/01\/PHOTO-2024-01-13-18-36-08-300x225.jpg 300w, https:\/\/cerpratenc.es\/wp-content\/uploads\/2025\/01\/PHOTO-2024-01-13-18-36-08-1024x768.jpg 1024w, https:\/\/cerpratenc.es\/wp-content\/uploads\/2025\/01\/PHOTO-2024-01-13-18-36-08-768x576.jpg 768w, https:\/\/cerpratenc.es\/wp-content\/uploads\/2025\/01\/PHOTO-2024-01-13-18-36-08-1536x1152.jpg 1536w\" sizes=\"auto, (max-width: 1600px) 100vw, 1600px\" \/><\/figure>\n<\/div>\n\n\n\n<div class=\"wp-block-column is-layout-flow wp-block-column-is-layout-flow\">\n<figure class=\"wp-block-image size-large\"><img loading=\"lazy\" decoding=\"async\" width=\"1024\" height=\"768\" src=\"https:\/\/cerpratenc.es\/wp-content\/uploads\/2024\/02\/b0e248df-6d53-4807-8332-f13a4a6483e8-1024x768.jpg\" alt=\"\" class=\"wp-image-1421\" srcset=\"https:\/\/cerpratenc.es\/wp-content\/uploads\/2024\/02\/b0e248df-6d53-4807-8332-f13a4a6483e8-1024x768.jpg 1024w, https:\/\/cerpratenc.es\/wp-content\/uploads\/2024\/02\/b0e248df-6d53-4807-8332-f13a4a6483e8-300x225.jpg 300w, https:\/\/cerpratenc.es\/wp-content\/uploads\/2024\/02\/b0e248df-6d53-4807-8332-f13a4a6483e8-768x576.jpg 768w, https:\/\/cerpratenc.es\/wp-content\/uploads\/2024\/02\/b0e248df-6d53-4807-8332-f13a4a6483e8-1536x1152.jpg 1536w, https:\/\/cerpratenc.es\/wp-content\/uploads\/2024\/02\/b0e248df-6d53-4807-8332-f13a4a6483e8.jpg 1600w\" sizes=\"auto, (max-width: 1024px) 100vw, 1024px\" \/><\/figure>\n<\/div>\n<\/div>\n\n\n\n<div class=\"wp-block-columns is-layout-flex wp-container-core-columns-is-layout-28f84493 wp-block-columns-is-layout-flex\">\n<div class=\"wp-block-column is-layout-flow wp-block-column-is-layout-flow\">\n<figure class=\"wp-block-image size-full\"><img loading=\"lazy\" decoding=\"async\" width=\"2560\" height=\"1920\" src=\"https:\/\/cerpratenc.es\/wp-content\/uploads\/2026\/03\/IMG_2893-scaled.jpeg\" alt=\"\" class=\"wp-image-1810\" srcset=\"https:\/\/cerpratenc.es\/wp-content\/uploads\/2026\/03\/IMG_2893-scaled.jpeg 2560w, https:\/\/cerpratenc.es\/wp-content\/uploads\/2026\/03\/IMG_2893-300x225.jpeg 300w, https:\/\/cerpratenc.es\/wp-content\/uploads\/2026\/03\/IMG_2893-1024x768.jpeg 1024w, https:\/\/cerpratenc.es\/wp-content\/uploads\/2026\/03\/IMG_2893-768x576.jpeg 768w, https:\/\/cerpratenc.es\/wp-content\/uploads\/2026\/03\/IMG_2893-1536x1152.jpeg 1536w, https:\/\/cerpratenc.es\/wp-content\/uploads\/2026\/03\/IMG_2893-2048x1536.jpeg 2048w\" sizes=\"auto, (max-width: 2560px) 100vw, 2560px\" \/><\/figure>\n<\/div>\n\n\n\n<div class=\"wp-block-column is-layout-flow wp-block-column-is-layout-flow\">\n<figure class=\"wp-block-image aligncenter size-large\"><img loading=\"lazy\" decoding=\"async\" width=\"1024\" height=\"560\" src=\"https:\/\/cerpratenc.es\/wp-content\/uploads\/2026\/03\/IMG_2897-1024x560.jpeg\" alt=\"\" class=\"wp-image-1811\" srcset=\"https:\/\/cerpratenc.es\/wp-content\/uploads\/2026\/03\/IMG_2897-1024x560.jpeg 1024w, https:\/\/cerpratenc.es\/wp-content\/uploads\/2026\/03\/IMG_2897-300x164.jpeg 300w, https:\/\/cerpratenc.es\/wp-content\/uploads\/2026\/03\/IMG_2897-768x420.jpeg 768w, https:\/\/cerpratenc.es\/wp-content\/uploads\/2026\/03\/IMG_2897-1536x841.jpeg 1536w, https:\/\/cerpratenc.es\/wp-content\/uploads\/2026\/03\/IMG_2897-2048x1121.jpeg 2048w\" sizes=\"auto, (max-width: 1024px) 100vw, 1024px\" \/><\/figure>\n<\/div>\n<\/div>\n\n\n\n<div style=\"height:100px\" aria-hidden=\"true\" class=\"wp-block-spacer\"><\/div>\n\n\n\n<p>Anualmente organizamos nuestro propio Trofeo, una cita a la que m\u00e1s de 600 gimnastas de toda Catalu\u00f1a acuden para competir. Es una ocasi\u00f3n ideal para disfrutar de la experiencia y del esp\u00edritu competitivo de los trofeos de Gimnasia R\u00edtmica, estrechando as\u00ed lazos entre todos los clubes, gimnastas y amigos de la gimnasia como si de una gran familia se tratase.<\/p>\n\n\n\n<p>El Cer Pratenc tiene una gran reputaci\u00f3n, consiguiendo superarse cada a\u00f1o con mejores resultados deportivos, y es por ello que tambi\u00e9n queremos mejorar cada a\u00f1o el Trofeo de Gimnasia R\u00edtmica que organizamos, haciendo que cada edici\u00f3n del Trofeo Potablava sea mejor, d\u00e1ndoles la oportunidad a todos los \u00abPratenses\u00bb de disfrutar de la mejor gimnasia r\u00edtmica en su ciudad.<\/p>\n\n\n\n<div style=\"height:137px\" aria-hidden=\"true\" class=\"wp-block-spacer\"><\/div>\n\n\n\n<div class=\"wp-block-columns alignwide lemmony-mobile-center has-lemmonary-background-color has-background is-layout-flex wp-container-core-columns-is-layout-ea8e853d wp-block-columns-is-layout-flex\" style=\"margin-top:0;margin-bottom:0;padding-top:var(--wp--preset--spacing--60);padding-bottom:var(--wp--preset--spacing--60)\">\n<div class=\"wp-block-column is-layout-flow wp-block-column-is-layout-flow\" style=\"flex-basis:4%\"><\/div>\n\n\n\n<div class=\"wp-block-column is-layout-flow wp-block-column-is-layout-flow\">\n<h2 class=\"wp-block-heading has-large-plus-font-size\" style=\"margin-top:0;margin-right:0;margin-bottom:0;margin-left:0\">Ap\u00f3yanos en la pr\u00f3xima edici\u00f3n <span style=\"text-decoration: underline;\">2026! <\/span><\/h2>\n<\/div>\n\n\n\n<div class=\"wp-block-column is-layout-flow wp-block-column-is-layout-flow\" style=\"flex-basis:2%\"><\/div>\n\n\n\n<div class=\"wp-block-column is-layout-flow wp-container-core-column-is-layout-9157cea7 wp-block-column-is-layout-flow\" style=\"padding-top:0;padding-right:0;padding-bottom:0;padding-left:0\">\n<p class=\"has-small-plus-font-size\">Buscamos&nbsp;un \u2018title sponsor\u2019 que nos permita seguir dando pasos adelante y afrontar nuevos horizontes con ambici\u00f3n.<\/p>\n\n\n\n<p class=\"has-small-plus-font-size\">Somos un escaparate ideal para generar marca, imagen y repercusi\u00f3n de todos aquellos que nos apoyan. <\/p>\n\n\n\n<div class=\"wp-block-group is-content-justification-left is-nowrap is-layout-flex wp-container-core-group-is-layout-9fd45780 wp-block-group-is-layout-flex\">\n<div class=\"wp-block-buttons is-content-justification-center is-layout-flex wp-container-core-buttons-is-layout-a89b3969 wp-block-buttons-is-layout-flex\" style=\"text-decoration:underline\">\n<div class=\"wp-block-button\"><a class=\"wp-block-button__link has-body-color has-lemmonary-background-color has-text-color has-background has-small-font-size has-custom-font-size wp-element-button\" href=\"https:\/\/cerpratenc.es\/index.php\/contacto\/\" style=\"padding-top:0;padding-right:0;padding-bottom:0;padding-left:0;font-style:normal;font-weight:700\">Contacto<\/a><\/div>\n<\/div>\n\n\n\n<div class=\"wp-block-lemmony-companion-icon has-black-color has-lemmonary-background-color has-text-color has-background has-small-plus-font-size\"><div class=\"lemmony-icon-wrapper\"><svg xmlns=\"http:\/\/www.w3.org\/2000\/svg\" viewBox=\"0 0 32 32\" data-reactroot=\"\"><polygon points=\"21.418,24.789 20.004,23.375 26.379,17 1.793,17 1.793,15 26.379,15 20.004,8.625 21.418,7.211 30.207,16 \"><\/polygon><\/svg><\/div><\/div>\n<\/div>\n<\/div>\n<\/div>\n\n\n\n<div style=\"height:100px\" aria-hidden=\"true\" class=\"wp-block-spacer\"><\/div>\n","protected":false},"excerpt":{"rendered":"<p>Mas de 15 ediciones nos avalan de experiencia en la organizaci\u00f3n de nuestro trofeo, unos de los m\u00e1s esperados de la temporada, como club nos enorgullece la gran acogida que siempre tiene entre los t\u00e9cnicos y las gimnastas. EDICI\u00d3N XVI 2026 Trofeo Potablava Individual &#8211; 10 de Enero del 2026 Trofeo Potablava Conjuntos Escolares \/ [&hellip;]<\/p>\n","protected":false},"author":1,"featured_media":0,"parent":0,"menu_order":0,"comment_status":"closed","ping_status":"closed","template":"","meta":{"footnotes":""},"class_list":["post-222","page","type-page","status-publish","hentry"],"_links":{"self":[{"href":"https:\/\/cerpratenc.es\/index.php\/wp-json\/wp\/v2\/pages\/222","targetHints":{"allow":["GET"]}}],"collection":[{"href":"https:\/\/cerpratenc.es\/index.php\/wp-json\/wp\/v2\/pages"}],"about":[{"href":"https:\/\/cerpratenc.es\/index.php\/wp-json\/wp\/v2\/types\/page"}],"author":[{"embeddable":true,"href":"https:\/\/cerpratenc.es\/index.php\/wp-json\/wp\/v2\/users\/1"}],"replies":[{"embeddable":true,"href":"https:\/\/cerpratenc.es\/index.php\/wp-json\/wp\/v2\/comments?post=222"}],"version-history":[{"count":63,"href":"https:\/\/cerpratenc.es\/index.php\/wp-json\/wp\/v2\/pages\/222\/revisions"}],"predecessor-version":[{"id":1820,"href":"https:\/\/cerpratenc.es\/index.php\/wp-json\/wp\/v2\/pages\/222\/revisions\/1820"}],"wp:attachment":[{"href":"https:\/\/cerpratenc.es\/index.php\/wp-json\/wp\/v2\/media?parent=222"}],"curies":[{"name":"wp","href":"https:\/\/api.w.org\/{rel}","templated":true}]}}