{"id":1758,"date":"2026-03-24T13:48:42","date_gmt":"2026-03-24T13:48:42","guid":{"rendered":"https:\/\/cerpratenc.es\/?page_id=1758"},"modified":"2026-04-07T13:45:13","modified_gmt":"2026-04-07T13:45:13","slug":"nuestros-equipos-2026","status":"publish","type":"page","link":"https:\/\/cerpratenc.es\/index.php\/nuestros-equipos-2026\/","title":{"rendered":"Equipos 2026"},"content":{"rendered":"\n<p>Os presentamos a nuestros equipos  que nos representar\u00e1n en Juegos Escolares durante la temporada 2025-2026.<\/p>\n\n\n\n<p><strong>ALEVIN C- Blonde<\/strong><\/p>\n\n\n\n<p>Olivia del Pino Romero <\/p>\n\n\n\n<p>Miillaray Olea Ojea <\/p>\n\n\n\n<p>Lucia Alvarado Chamizo <\/p>\n\n\n\n<p>Lucia Villalba Cano <\/p>\n\n\n\n<p>Marta Ribas Bur\u00f3n <\/p>\n\n\n\n<p><\/p>\n\n\n\n<p><strong>ALEVIN C- Tarz\u00e1n<\/strong> <\/p>\n\n\n\n<p>Valeria castillo Carmona <\/p>\n\n\n\n<p>Luc\u00eda Barranquilleros Garc\u00eda <\/p>\n\n\n\n<p>Noa Mar\u00eda Salgado Calvo <\/p>\n\n\n\n<p>Noa S\u00e1nchez Rios <\/p>\n\n\n\n<p>Judith Cobos Jorba <\/p>\n\n\n\n<p><\/p>\n\n\n\n<p><strong>BENJAM\u00cdN A- VAQUERAS<\/strong><\/p>\n\n\n\n<p>Sara Cantos Aramendi <\/p>\n\n\n\n<p>Cloe Llano Hurtado <\/p>\n\n\n\n<p>Paula Melero Arruebo <\/p>\n\n\n\n<p>Naia Moreno Leal <\/p>\n\n\n\n<p>N\u00faria L\u00f3pez Miquel <\/p>\n\n\n\n<p><\/p>\n\n\n\n<p><strong>BENJAM\u00cdN B- PARTY <\/strong><\/p>\n\n\n\n<p>Alaia Bayona Campoy <\/p>\n\n\n\n<p>Ainhoa Valares Rico <\/p>\n\n\n\n<p>Helena Lopera Torres<\/p>\n\n\n\n<p>Alma Mart\u00ednez Quesada <\/p>\n\n\n\n<p>Martina Vall\u00e8s G\u00e1zquez <\/p>\n\n\n\n<p><\/p>\n\n\n\n<p><strong>BENJAM\u00cdN B WONDERLAND<\/strong><\/p>\n\n\n\n<p>Paula Albreda De la Rosa <\/p>\n\n\n\n<p>Lara Fuentes Su\u00e1rez<\/p>\n\n\n\n<p>Martina Fatty Rodr\u00edguez <\/p>\n\n\n\n<p>Paula Garc\u00eda Mart\u00ednez <\/p>\n\n\n\n<p>Aine Cabrerizo Torregrosa <\/p>\n\n\n\n<p><\/p>\n\n\n\n<p><strong>INFANTIL A- CALAMAR<\/strong><\/p>\n\n\n\n<p>Iraia Giordano Jim\u00e9nez <\/p>\n\n\n\n<p>Irene Bl\u00e1zquez  Hern\u00e1ndez<\/p>\n\n\n\n<p>Isona Gonz\u00e1lez Camacho <\/p>\n\n\n\n<p>Jennifer Pulido Mansilla <\/p>\n\n\n\n<p>Laia Mac\u00edas Franco <\/p>\n\n\n\n<p><\/p>\n\n\n\n<p><strong>INFANTIL A -PIRATAS <\/strong><\/p>\n\n\n\n<p>Alba Celeste O\u00f1ate Eacrig <\/p>\n\n\n\n<p>Mari Carmen Mac\u00edas Flores <\/p>\n\n\n\n<p>Valentina Salazar Asuad <\/p>\n\n\n\n<p>Sara Merino Pascual <\/p>\n\n\n\n<p>Lucia Ba\u00f1\u00f3s Risquez <\/p>\n\n\n\n<p><\/p>\n\n\n\n<p><strong>PREBENJAM\u00cdN C- SIRENAS<\/strong><\/p>\n\n\n\n<p>Daniela Burgos Gonz\u00e1lez <\/p>\n\n\n\n<p>Chloe Daenerys Aquino Pizarro <\/p>\n\n\n\n<p>Mia Ariza Ventura <\/p>\n\n\n\n<p>Carlota Pi\u00f1ol Gonz\u00e1lez <\/p>\n\n\n\n<p>Zoe Gonz\u00e1lez Treg\u00f3n <\/p>\n\n\n\n<p><\/p>\n\n\n\n<p><strong>TRIO PREBENJAMIN<\/strong><\/p>\n\n\n\n<p>Laia G\u00f3mez Flores <\/p>\n\n\n\n<p>Joana dee Pinho Viana <\/p>\n\n\n\n<p>Sof\u00eda Garc\u00eda Trigo <\/p>\n","protected":false},"excerpt":{"rendered":"<p>Os presentamos a nuestros equipos que nos representar\u00e1n en Juegos Escolares durante la temporada 2025-2026. ALEVIN C- Blonde Olivia del Pino Romero Miillaray Olea Ojea Lucia Alvarado Chamizo Lucia Villalba Cano Marta Ribas Bur\u00f3n ALEVIN C- Tarz\u00e1n Valeria castillo Carmona Luc\u00eda Barranquilleros Garc\u00eda Noa Mar\u00eda Salgado Calvo Noa S\u00e1nchez Rios Judith Cobos Jorba BENJAM\u00cdN A- [&hellip;]<\/p>\n","protected":false},"author":1,"featured_media":1759,"parent":0,"menu_order":0,"comment_status":"closed","ping_status":"closed","template":"","meta":{"footnotes":""},"class_list":["post-1758","page","type-page","status-publish","has-post-thumbnail","hentry"],"_links":{"self":[{"href":"https:\/\/cerpratenc.es\/index.php\/wp-json\/wp\/v2\/pages\/1758","targetHints":{"allow":["GET"]}}],"collection":[{"href":"https:\/\/cerpratenc.es\/index.php\/wp-json\/wp\/v2\/pages"}],"about":[{"href":"https:\/\/cerpratenc.es\/index.php\/wp-json\/wp\/v2\/types\/page"}],"author":[{"embeddable":true,"href":"https:\/\/cerpratenc.es\/index.php\/wp-json\/wp\/v2\/users\/1"}],"replies":[{"embeddable":true,"href":"https:\/\/cerpratenc.es\/index.php\/wp-json\/wp\/v2\/comments?post=1758"}],"version-history":[{"count":4,"href":"https:\/\/cerpratenc.es\/index.php\/wp-json\/wp\/v2\/pages\/1758\/revisions"}],"predecessor-version":[{"id":1827,"href":"https:\/\/cerpratenc.es\/index.php\/wp-json\/wp\/v2\/pages\/1758\/revisions\/1827"}],"wp:featuredmedia":[{"embeddable":true,"href":"https:\/\/cerpratenc.es\/index.php\/wp-json\/wp\/v2\/media\/1759"}],"wp:attachment":[{"href":"https:\/\/cerpratenc.es\/index.php\/wp-json\/wp\/v2\/media?parent=1758"}],"curies":[{"name":"wp","href":"https:\/\/api.w.org\/{rel}","templated":true}]}}